{"id":224782,"date":"2026-02-24T13:20:22","date_gmt":"2026-02-24T12:20:22","guid":{"rendered":"https:\/\/sommerrodelbahn-eckartsberga.de\/?post_type=product&#038;p=224782"},"modified":"2026-03-04T16:12:13","modified_gmt":"2026-03-04T15:12:13","slug":"gutschein-6-tickets-erwachsene","status":"publish","type":"product","link":"https:\/\/sommerrodelbahn-eckartsberga.de\/?product=gutschein-6-tickets-erwachsene","title":{"rendered":"Gutschein 6 Fahrten Erwachsener"},"content":{"rendered":"<p>Verschenke unvergesslichen Rodelspa\u00df! Dieser Gutschein gilt f\u00fcr 6 Fahrten auf unserer Sommerrodelbahn und ist das perfekte Geschenk f\u00fcr Geburtstage, besondere Anl\u00e4sse oder als kleine \u00dcberraschung zwischendurch.<\/p>\n","protected":false},"excerpt":{"rendered":"<p>.<\/p>\n","protected":false},"featured_media":224805,"template":"","meta":{"_et_pb_use_builder":"off","_et_pb_old_content":"<p>Verschenke unvergesslichen Rodelspa\u00df! Dieser Gutschein gilt f\u00fcr 6 Fahrten auf unserer Sommerrodelbahn und ist das perfekte Geschenk f\u00fcr Geburtstage, besondere Anl\u00e4sse oder als kleine \u00dcberraschung zwischendurch.<\/p>","_et_gb_content_width":""},"product_brand":[],"product_cat":[25],"product_tag":[],"class_list":{"0":"post-224782","1":"product","2":"type-product","3":"status-publish","4":"has-post-thumbnail","6":"product_cat-gutscheine","8":"first","9":"instock","10":"taxable","11":"shipping-taxable","12":"purchasable","13":"product-type-simple"},"_links":{"self":[{"href":"https:\/\/sommerrodelbahn-eckartsberga.de\/index.php?rest_route=\/wp\/v2\/product\/224782","targetHints":{"allow":["GET"]}}],"collection":[{"href":"https:\/\/sommerrodelbahn-eckartsberga.de\/index.php?rest_route=\/wp\/v2\/product"}],"about":[{"href":"https:\/\/sommerrodelbahn-eckartsberga.de\/index.php?rest_route=\/wp\/v2\/types\/product"}],"wp:featuredmedia":[{"embeddable":true,"href":"https:\/\/sommerrodelbahn-eckartsberga.de\/index.php?rest_route=\/wp\/v2\/media\/224805"}],"wp:attachment":[{"href":"https:\/\/sommerrodelbahn-eckartsberga.de\/index.php?rest_route=%2Fwp%2Fv2%2Fmedia&parent=224782"}],"wp:term":[{"taxonomy":"product_brand","embeddable":true,"href":"https:\/\/sommerrodelbahn-eckartsberga.de\/index.php?rest_route=%2Fwp%2Fv2%2Fproduct_brand&post=224782"},{"taxonomy":"product_cat","embeddable":true,"href":"https:\/\/sommerrodelbahn-eckartsberga.de\/index.php?rest_route=%2Fwp%2Fv2%2Fproduct_cat&post=224782"},{"taxonomy":"product_tag","embeddable":true,"href":"https:\/\/sommerrodelbahn-eckartsberga.de\/index.php?rest_route=%2Fwp%2Fv2%2Fproduct_tag&post=224782"}],"curies":[{"name":"wp","href":"https:\/\/api.w.org\/{rel}","templated":true}]}}