{"id":224827,"date":"2026-03-05T10:53:16","date_gmt":"2026-03-05T09:53:16","guid":{"rendered":"https:\/\/sommerrodelbahn-eckartsberga.de\/?page_id=224827"},"modified":"2026-03-28T07:42:09","modified_gmt":"2026-03-28T06:42:09","slug":"zahlungsarten","status":"publish","type":"page","link":"https:\/\/sommerrodelbahn-eckartsberga.de\/?page_id=224827","title":{"rendered":"Zahlung &#038; Versand"},"content":{"rendered":"<p>[et_pb_section fb_built=&#8220;1&#8243; _builder_version=&#8220;4.27.5&#8243; _module_preset=&#8220;default&#8220; global_colors_info=&#8220;{}&#8220;][et_pb_row _builder_version=&#8220;4.27.5&#8243; _module_preset=&#8220;default&#8220; global_colors_info=&#8220;{}&#8220;][et_pb_column type=&#8220;4_4&#8243; _builder_version=&#8220;4.27.5&#8243; _module_preset=&#8220;default&#8220; global_colors_info=&#8220;{}&#8220;][et_pb_text admin_label=&#8220;h1&#8243; _builder_version=&#8220;4.27.5&#8243; _module_preset=&#8220;default&#8220; global_colors_info=&#8220;{}&#8220;]<\/p>\n<h1>Zahlung &amp; Versand<\/h1>\n<p>[\/et_pb_text][\/et_pb_column][\/et_pb_row][et_pb_row _builder_version=&#8220;4.27.5&#8243; _module_preset=&#8220;default&#8220; global_colors_info=&#8220;{}&#8220;][et_pb_column type=&#8220;4_4&#8243; _builder_version=&#8220;4.27.5&#8243; _module_preset=&#8220;default&#8220; global_colors_info=&#8220;{}&#8220;][et_pb_text admin_label=&#8220;Zahlungsarten&#8220; _builder_version=&#8220;4.27.6&#8243; _module_preset=&#8220;default&#8220; vertical_offset_tablet=&#8220;0&#8243; horizontal_offset_tablet=&#8220;0&#8243; z_index_tablet=&#8220;0&#8243; text_text_shadow_horizontal_length_tablet=&#8220;0px&#8220; text_text_shadow_vertical_length_tablet=&#8220;0px&#8220; text_text_shadow_blur_strength_tablet=&#8220;1px&#8220; link_text_shadow_horizontal_length_tablet=&#8220;0px&#8220; link_text_shadow_vertical_length_tablet=&#8220;0px&#8220; link_text_shadow_blur_strength_tablet=&#8220;1px&#8220; ul_text_shadow_horizontal_length_tablet=&#8220;0px&#8220; ul_text_shadow_vertical_length_tablet=&#8220;0px&#8220; ul_text_shadow_blur_strength_tablet=&#8220;1px&#8220; ol_text_shadow_horizontal_length_tablet=&#8220;0px&#8220; ol_text_shadow_vertical_length_tablet=&#8220;0px&#8220; ol_text_shadow_blur_strength_tablet=&#8220;1px&#8220; quote_text_shadow_horizontal_length_tablet=&#8220;0px&#8220; quote_text_shadow_vertical_length_tablet=&#8220;0px&#8220; quote_text_shadow_blur_strength_tablet=&#8220;1px&#8220; header_text_shadow_horizontal_length_tablet=&#8220;0px&#8220; header_text_shadow_vertical_length_tablet=&#8220;0px&#8220; header_text_shadow_blur_strength_tablet=&#8220;1px&#8220; header_2_text_shadow_horizontal_length_tablet=&#8220;0px&#8220; header_2_text_shadow_vertical_length_tablet=&#8220;0px&#8220; header_2_text_shadow_blur_strength_tablet=&#8220;1px&#8220; header_3_text_shadow_horizontal_length_tablet=&#8220;0px&#8220; header_3_text_shadow_vertical_length_tablet=&#8220;0px&#8220; header_3_text_shadow_blur_strength_tablet=&#8220;1px&#8220; header_4_text_shadow_horizontal_length_tablet=&#8220;0px&#8220; header_4_text_shadow_vertical_length_tablet=&#8220;0px&#8220; header_4_text_shadow_blur_strength_tablet=&#8220;1px&#8220; header_5_text_shadow_horizontal_length_tablet=&#8220;0px&#8220; header_5_text_shadow_vertical_length_tablet=&#8220;0px&#8220; header_5_text_shadow_blur_strength_tablet=&#8220;1px&#8220; header_6_text_shadow_horizontal_length_tablet=&#8220;0px&#8220; header_6_text_shadow_vertical_length_tablet=&#8220;0px&#8220; header_6_text_shadow_blur_strength_tablet=&#8220;1px&#8220; box_shadow_horizontal_tablet=&#8220;0px&#8220; box_shadow_vertical_tablet=&#8220;0px&#8220; box_shadow_blur_tablet=&#8220;40px&#8220; box_shadow_spread_tablet=&#8220;0px&#8220; global_colors_info=&#8220;{}&#8220;]<\/p>\n<h2>Zahlungsarten<\/h2>\n<p>Als Zahlungsarten stehen Ihnen bei sommerrodelbahn-eckartsberga.de folgende Varianten zur Verf\u00fcgung:<\/p>\n<p><strong>PayPal:<br \/><\/strong>Zahlung an: <a href=\"mailto:melzer.rodelbahn@gmail.com\">melzer.rodelbahn@gmail.com<\/a><strong><br \/><\/strong>Sie werden beim Bezahlvorgang in der Bestellung automatisch zu PayPal weitergeleitet.<\/p>\n<p><strong>Bank\u00fcberweisung:<\/strong><\/p>\n<p>Bitte \u00fcberweisen Sie den Gesamtbetrag Ihrer Bestellung auf folgendes Konto:<br \/>Kreissparkasse Burgenlandkreis<br \/>Kontoinhaber: Andreas Melzer<br \/>IBAN DE29 8005 3000 1131 0584 09<br \/>BIC\/SWIFT-Code NOLADE21BLK<\/p>\n<p>[\/et_pb_text][et_pb_text admin_label=&#8220;Versand und Verpackung&#8220; _builder_version=&#8220;4.27.6&#8243; _module_preset=&#8220;default&#8220; vertical_offset_tablet=&#8220;0&#8243; horizontal_offset_tablet=&#8220;0&#8243; hover_enabled=&#8220;0&#8243; z_index_tablet=&#8220;0&#8243; text_text_shadow_horizontal_length_tablet=&#8220;0px&#8220; text_text_shadow_vertical_length_tablet=&#8220;0px&#8220; text_text_shadow_blur_strength_tablet=&#8220;1px&#8220; link_text_shadow_horizontal_length_tablet=&#8220;0px&#8220; link_text_shadow_vertical_length_tablet=&#8220;0px&#8220; link_text_shadow_blur_strength_tablet=&#8220;1px&#8220; ul_text_shadow_horizontal_length_tablet=&#8220;0px&#8220; ul_text_shadow_vertical_length_tablet=&#8220;0px&#8220; ul_text_shadow_blur_strength_tablet=&#8220;1px&#8220; ol_text_shadow_horizontal_length_tablet=&#8220;0px&#8220; ol_text_shadow_vertical_length_tablet=&#8220;0px&#8220; ol_text_shadow_blur_strength_tablet=&#8220;1px&#8220; quote_text_shadow_horizontal_length_tablet=&#8220;0px&#8220; quote_text_shadow_vertical_length_tablet=&#8220;0px&#8220; quote_text_shadow_blur_strength_tablet=&#8220;1px&#8220; header_text_shadow_horizontal_length_tablet=&#8220;0px&#8220; header_text_shadow_vertical_length_tablet=&#8220;0px&#8220; header_text_shadow_blur_strength_tablet=&#8220;1px&#8220; header_2_text_shadow_horizontal_length_tablet=&#8220;0px&#8220; header_2_text_shadow_vertical_length_tablet=&#8220;0px&#8220; header_2_text_shadow_blur_strength_tablet=&#8220;1px&#8220; header_3_text_shadow_horizontal_length_tablet=&#8220;0px&#8220; header_3_text_shadow_vertical_length_tablet=&#8220;0px&#8220; header_3_text_shadow_blur_strength_tablet=&#8220;1px&#8220; header_4_text_shadow_horizontal_length_tablet=&#8220;0px&#8220; header_4_text_shadow_vertical_length_tablet=&#8220;0px&#8220; header_4_text_shadow_blur_strength_tablet=&#8220;1px&#8220; header_5_text_shadow_horizontal_length_tablet=&#8220;0px&#8220; header_5_text_shadow_vertical_length_tablet=&#8220;0px&#8220; header_5_text_shadow_blur_strength_tablet=&#8220;1px&#8220; header_6_text_shadow_horizontal_length_tablet=&#8220;0px&#8220; header_6_text_shadow_vertical_length_tablet=&#8220;0px&#8220; header_6_text_shadow_blur_strength_tablet=&#8220;1px&#8220; box_shadow_horizontal_tablet=&#8220;0px&#8220; box_shadow_vertical_tablet=&#8220;0px&#8220; box_shadow_blur_tablet=&#8220;40px&#8220; box_shadow_spread_tablet=&#8220;0px&#8220; global_colors_info=&#8220;{}&#8220; sticky_enabled=&#8220;0&#8243;]<\/p>\n<h2>Versand und Verpackung<\/h2>\n<p>Der Versand erfolgt \u00fcber die Deutsche Post (DHL Group) im Standard Gro\u00dfbrief. In der im Bestellprozess ausgewiesenen Versandpauschale sind die Portokosten und unsere Verpackungskosten enthalten. Mit Ihrer Bestellung erkl\u00e4ren Sie sich einverstanden, dass Ihre Adresse f\u00fcr die Versendung an das Versandunternehmen weitergegeben darf.<br \/>Die Kosten f\u00fcr etwaige R\u00fccksendungen gehen lt. Gesetz zu Lasten des Kunden, wenn dies nicht ausdr\u00fccklich vom Versender in dessen Gesch\u00e4ftsbedingungen anders geregelt ist.<\/p>\n<p>Der Versand erfolgt erst nach vollst\u00e4ndigem Zahlungseingang.<\/p>\n<p>Per Post: Die Zustellung erfolgt entsprechend den \u00fcblichen Postlaufzeiten.<br \/>Per E-Mail: Versand innerhalb von 24 Stunden nach Zahlungseingang als PDF an Ihre E-Mail-Adresse.<\/p>\n<p>[\/et_pb_text][\/et_pb_column][\/et_pb_row][et_pb_row _builder_version=&#8220;4.27.5&#8243; _module_preset=&#8220;default&#8220; global_colors_info=&#8220;{}&#8220;][et_pb_column type=&#8220;4_4&#8243; _builder_version=&#8220;4.27.5&#8243; _module_preset=&#8220;default&#8220; global_colors_info=&#8220;{}&#8220;][\/et_pb_column][\/et_pb_row][\/et_pb_section]<\/p>\n","protected":false},"excerpt":{"rendered":"<p>Zahlung &amp; Versand Zahlungsarten Als Zahlungsarten stehen Ihnen bei sommerrodelbahn-eckartsberga.de folgende Varianten zur Verf\u00fcgung: PayPal:Zahlung an: melzer.rodelbahn@gmail.comSie werden beim Bezahlvorgang in der Bestellung automatisch zu PayPal weitergeleitet. Bank\u00fcberweisung: Bitte \u00fcberweisen Sie den Gesamtbetrag Ihrer Bestellung auf folgendes Konto:Kreissparkasse BurgenlandkreisKontoinhaber: Andreas MelzerIBAN DE29 8005 3000 1131 0584 09BIC\/SWIFT-Code NOLADE21BLK Versand und Verpackung Der Versand erfolgt \u00fcber [&hellip;]<\/p>\n","protected":false},"author":2,"featured_media":0,"parent":0,"menu_order":0,"comment_status":"closed","ping_status":"closed","template":"","meta":{"_et_pb_use_builder":"on","_et_pb_old_content":"","_et_gb_content_width":"","footnotes":""},"class_list":["post-224827","page","type-page","status-publish","hentry"],"_links":{"self":[{"href":"https:\/\/sommerrodelbahn-eckartsberga.de\/index.php?rest_route=\/wp\/v2\/pages\/224827","targetHints":{"allow":["GET"]}}],"collection":[{"href":"https:\/\/sommerrodelbahn-eckartsberga.de\/index.php?rest_route=\/wp\/v2\/pages"}],"about":[{"href":"https:\/\/sommerrodelbahn-eckartsberga.de\/index.php?rest_route=\/wp\/v2\/types\/page"}],"author":[{"embeddable":true,"href":"https:\/\/sommerrodelbahn-eckartsberga.de\/index.php?rest_route=\/wp\/v2\/users\/2"}],"replies":[{"embeddable":true,"href":"https:\/\/sommerrodelbahn-eckartsberga.de\/index.php?rest_route=%2Fwp%2Fv2%2Fcomments&post=224827"}],"version-history":[{"count":9,"href":"https:\/\/sommerrodelbahn-eckartsberga.de\/index.php?rest_route=\/wp\/v2\/pages\/224827\/revisions"}],"predecessor-version":[{"id":224940,"href":"https:\/\/sommerrodelbahn-eckartsberga.de\/index.php?rest_route=\/wp\/v2\/pages\/224827\/revisions\/224940"}],"wp:attachment":[{"href":"https:\/\/sommerrodelbahn-eckartsberga.de\/index.php?rest_route=%2Fwp%2Fv2%2Fmedia&parent=224827"}],"curies":[{"name":"wp","href":"https:\/\/api.w.org\/{rel}","templated":true}]}}