{"id":224822,"date":"2026-03-05T10:51:55","date_gmt":"2026-03-05T09:51:55","guid":{"rendered":"https:\/\/sommerrodelbahn-eckartsberga.de\/?page_id=224822"},"modified":"2026-03-16T15:59:55","modified_gmt":"2026-03-16T14:59:55","slug":"automatisch-gespeicherter-entwurf-2","status":"publish","type":"page","link":"https:\/\/sommerrodelbahn-eckartsberga.de\/?page_id=224822","title":{"rendered":"Widerruf"},"content":{"rendered":"<p>[et_pb_section fb_built=&#8220;1&#8243; disabled_on=&#8220;on|on|off&#8220; admin_label=&#8220;Dachzeile Desktop&#8220; _builder_version=&#8220;4.27.4&#8243; _module_preset=&#8220;default&#8220; background_color=&#8220;#555555&#8243; custom_margin=&#8220;0px|0px|0px|0px|false|false&#8220; custom_padding=&#8220;0px|0px|0px|0px|false|false&#8220; locked=&#8220;off&#8220; collapsed=&#8220;off&#8220; global_colors_info=&#8220;{}&#8220;][et_pb_row column_structure=&#8220;1_5,1_5,1_5,1_5,1_5&#8243; _builder_version=&#8220;4.27.4&#8243; _module_preset=&#8220;default&#8220; custom_margin=&#8220;||0px||false|false&#8220; custom_padding=&#8220;15px||0px||false|false&#8220; global_colors_info=&#8220;{}&#8220;][et_pb_column type=&#8220;1_5&#8243; _builder_version=&#8220;4.27.4&#8243; _module_preset=&#8220;default&#8220; global_colors_info=&#8220;{}&#8220;][et_pb_blurb title=&#8220;Home&#8220; url=&#8220;https:\/\/sommerrodelbahn-eckartsberga.de\/&#8220; use_icon=&#8220;on&#8220; font_icon=&#8220;&#xf015;||fa||900&#8243; icon_color=&#8220;#F9BFC7&#8243; icon_placement=&#8220;left&#8220; image_icon_width=&#8220;20px&#8220; disabled_on=&#8220;on|on|off&#8220; admin_label=&#8220;Infotext Home&#8220; _builder_version=&#8220;4.27.4&#8243; _module_preset=&#8220;default&#8220; header_text_align=&#8220;left&#8220; header_text_color=&#8220;#F9BFC7&#8243; header_font_size=&#8220;15px&#8220; image_icon_custom_margin=&#8220;||||false|false&#8220; link_option_url=&#8220;https:\/\/sommerrodelbahn-eckartsberga.de\/&#8220; global_colors_info=&#8220;{}&#8220;][\/et_pb_blurb][\/et_pb_column][et_pb_column type=&#8220;1_5&#8243; _builder_version=&#8220;4.27.4&#8243; _module_preset=&#8220;default&#8220; global_colors_info=&#8220;{}&#8220;][et_pb_blurb title=&#8220;034467 20019&#8243; use_icon=&#8220;on&#8220; font_icon=&#8220;&#xf879;||fa||900&#8243; icon_color=&#8220;#F9BFC7&#8243; icon_placement=&#8220;left&#8220; image_icon_width=&#8220;20px&#8220; disabled_on=&#8220;on|on|off&#8220; admin_label=&#8220;Infotext Telefon&#8220; _builder_version=&#8220;4.27.4&#8243; _module_preset=&#8220;default&#8220; header_text_align=&#8220;left&#8220; header_text_color=&#8220;#F9BFC7&#8243; header_font_size=&#8220;15px&#8220; image_icon_custom_margin=&#8220;||||false|false&#8220; global_colors_info=&#8220;{}&#8220;][\/et_pb_blurb][\/et_pb_column][et_pb_column type=&#8220;1_5&#8243; _builder_version=&#8220;4.27.4&#8243; _module_preset=&#8220;default&#8220; global_colors_info=&#8220;{}&#8220;][et_pb_blurb title=&#8220;info@sommerrodelbahn-eckartsberga.de&#8220; use_icon=&#8220;on&#8220; font_icon=&#8220;&#xe076;||divi||400&#8243; icon_color=&#8220;#F9BFC7&#8243; icon_placement=&#8220;left&#8220; image_icon_width=&#8220;20px&#8220; disabled_on=&#8220;on|on|off&#8220; admin_label=&#8220;Infotext Mail&#8220; _builder_version=&#8220;4.27.4&#8243; _module_preset=&#8220;default&#8220; header_text_color=&#8220;#F9BFC7&#8243; header_font_size=&#8220;15px&#8220; global_colors_info=&#8220;{}&#8220;][\/et_pb_blurb][\/et_pb_column][et_pb_column type=&#8220;1_5&#8243; _builder_version=&#8220;4.27.4&#8243; _module_preset=&#8220;default&#8220; global_colors_info=&#8220;{}&#8220;][et_pb_icon font_icon=&#8220;&#xe09a;||divi||400&#8243; icon_color=&#8220;#F9BFC7&#8243; icon_width=&#8220;20px&#8220; url=&#8220;https:\/\/www.instagram.com\/sommerrodelbahn_eckartsberga\/?igsh=MXQxY3Q2aTAwcXhnbw%3D%3D&#038;utm_source=qr#&#8220; url_new_window=&#8220;on&#8220; align=&#8220;right&#8220; admin_label=&#8220;Icon Instagram&#8220; _builder_version=&#8220;4.27.4&#8243; _module_preset=&#8220;default&#8220; global_colors_info=&#8220;{}&#8220;][\/et_pb_icon][\/et_pb_column][et_pb_column type=&#8220;1_5&#8243; _builder_version=&#8220;4.27.4&#8243; _module_preset=&#8220;default&#8220; custom_padding=&#8220;|||0px|false|false&#8220; global_colors_info=&#8220;{}&#8220;][et_pb_icon font_icon=&#8220;&#xe0c1;||divi||400&#8243; icon_color=&#8220;#F9BFC7&#8243; icon_width=&#8220;20px&#8220; url_new_window=&#8220;on&#8220; align=&#8220;left&#8220; disabled_on=&#8220;on|on|on&#8220; admin_label=&#8220;Icon Facebook&#8220; _builder_version=&#8220;4.27.4&#8243; _module_preset=&#8220;default&#8220; custom_margin=&#8220;|||0px|false|false&#8220; custom_padding=&#8220;|||0px|false|false&#8220; disabled=&#8220;on&#8220; global_colors_info=&#8220;{}&#8220;][\/et_pb_icon][\/et_pb_column][\/et_pb_row][\/et_pb_section][et_pb_section fb_built=&#8220;1&#8243; _builder_version=&#8220;4.27.5&#8243; _module_preset=&#8220;default&#8220; global_colors_info=&#8220;{}&#8220;][et_pb_row _builder_version=&#8220;4.27.5&#8243; _module_preset=&#8220;default&#8220; global_colors_info=&#8220;{}&#8220;][et_pb_column type=&#8220;4_4&#8243; _builder_version=&#8220;4.27.5&#8243; _module_preset=&#8220;default&#8220; global_colors_info=&#8220;{}&#8220;][et_pb_text admin_label=&#8220;h1&#8243; _builder_version=&#8220;4.27.6&#8243; _module_preset=&#8220;default&#8220; hover_enabled=&#8220;0&#8243; global_colors_info=&#8220;{}&#8220; sticky_enabled=&#8220;0&#8243;]<\/p>\n<h1>Widerrufsrecht und Muster-Widerrufsformular<\/h1>\n<p>[\/et_pb_text][\/et_pb_column][\/et_pb_row][et_pb_row _builder_version=&#8220;4.27.5&#8243; _module_preset=&#8220;default&#8220; global_colors_info=&#8220;{}&#8220;][et_pb_column type=&#8220;4_4&#8243; _builder_version=&#8220;4.27.5&#8243; _module_preset=&#8220;default&#8220; global_colors_info=&#8220;{}&#8220;][et_pb_text _builder_version=&#8220;4.27.6&#8243; _module_preset=&#8220;default&#8220; hover_enabled=&#8220;0&#8243; global_colors_info=&#8220;{}&#8220; sticky_enabled=&#8220;0&#8243;]<\/p>\n<p><strong>Widerrufsbelehrung f\u00fcr Fernabsatzvertr\u00e4ge \u00fcber Dienstleistungen und Waren<\/strong><\/p>\n<p>Sie haben das Recht binnen vierzehn Tagen ohne Angabe von Gr\u00fcnden diesen Vertrag zu widerrufen.<br \/>Die Widerrufsfrist betr\u00e4gt vierzehn Tage ab dem Tag des Vertragsschlusses.<br \/>Um Ihr Widerrufsrecht auszu\u00fcben, m\u00fcssen Sie uns (Sommerrodelbahn Eckartsberga, Inh. Andreas Melzer, Ahornweg 4, 06648 Eckartsberga, Tel.: 034467 20019, E-Mail: info@sommerrodelbahn-eckartsberga.de) mittels einer eindeutigen Erkl\u00e4rung \u00fcber Ihren Entschluss, diesen Vertrag zu widerrufen, informieren. Sie k\u00f6nnen daf\u00fcr das beigef\u00fcgte Muster-Widerrufsformular verwenden, das jedoch nicht vorgeschrieben ist.<br \/>Zur Wahrung der Widerrufsfrist reicht es aus, dass Sie die Mitteilung \u00fcber die Aus\u00fcbung des Widerrufsrechts vor Ablauf der Widerrufsfrist absenden.<\/p>\n<p><strong>Folgen des Widerrufs<\/strong><br \/>Wenn Sie diesen Vertrag widerrufen, haben wir Ihnen alle Zahlungen die wir von Ihnen erhalten haben, einschlie\u00dflich der Lieferkosten (mit Ausnahme der zus\u00e4tzlichen Kosten, die sich daraus ergeben, dass Sie eine andere Art der Lieferung als die von uns angebotene, g\u00fcnstigste Standardlieferung gew\u00e4hlt haben), unverz\u00fcglich und sp\u00e4testens binnen vierzehn Tagen ab dem Tag zur\u00fcckzuzahlen, an dem die Mitteilung \u00fcber Ihren Widerruf dieses Vertrags bei uns eingegangen ist. F\u00fcr diese R\u00fcckzahlung verwenden wir dasselbe Zahlungsmittel, das Sie bei der urspr\u00fcnglichen Transaktion eingesetzt haben, es sei denn, mit Ihnen wurde ausdr\u00fccklich etwas anderes vereinbart; in keinem Fall werden Ihnen wegen dieser R\u00fcckzahlung Entgelte berechnet. Wir k\u00f6nnen die R\u00fcckzahlung verweigern, bis wir die Waren wieder zur\u00fcckerhalten haben, oder bis Sie den Nachweis erbracht haben, dass Sie die Waren zur\u00fcckgesandt haben, je nachdem, welches der fr\u00fchere Zeitpunkt ist.<\/p>\n<p>Sie haben die Waren unverz\u00fcglich und in jedem Fall sp\u00e4testens binnen vierzehn Tagen ab dem Tag, an dem Sie uns \u00fcber den Widerruf dieses Vertrags unterrichten, an uns, Sommerrodelbahn Eckartsberga, Inh. Andreas Melzer, Ahornweg 4, 06648 Eckartsberga, zur\u00fcckzusenden oder zu \u00fcbergeben. Die Frist ist gewahrt, wenn Sie die Waren vor Ablauf der Frist von vierzehn Tagen absenden. Sie tragen die unmittelbaren Kosten der R\u00fccksendung der Waren. Sie m\u00fcssen f\u00fcr einen etwaigen Wertverlust der Waren nur aufkommen, wenn dieser Wertverlust auf einen zur Pr\u00fcfung der Beschaffenheit, Eigenschaften und Funktionsweise der Waren nicht notwendigen Umgang mit ihnen zur\u00fcckzuf\u00fchren ist.<\/p>\n<p>Haben Sie verlangt, dass die Dienstleistungen w\u00e4hrend der Widerrufsfrist beginnen sollen, also den Gutschein bereits eingel\u00f6st und die Fahrten durchgef\u00fchrt, so haben Sie uns einen angemessenen Betrag zu zahlen, der dem Anteil des bis zu dem Zeitpunkt, zu dem Sie uns von der Aus\u00fcbung des Widerrufsrechts hinsichtlich dieses Vertrags unterrichten, bereits erbrachten Dienstleistungen im Vergleich zum Gesamtumfang der im Vertrag vorgesehenen Dienstleistungen entspricht.<\/p>\n<p>&nbsp;<\/p>\n<p><strong>Muster-Widerrufsformular<\/strong><\/p>\n<p>(Wenn Sie den Vertrag widerrufen wollen, dann f\u00fcllen Sie bitte dieses Formular aus und senden Sie es zur\u00fcck.)<\/p>\n<p>An:<\/p>\n<p>Sommerrodelbahn Eckartsberga<br \/>Andreas Melzer<br \/>Ahornweg 4<br \/>06648 Eckartsberga<br \/>E-Mail: info@sommerrodelbahn-eckartsberga.de<\/p>\n<p>Hiermit widerrufe(n) ich\/wir (*) den von mir\/uns (*) abgeschlossenen Vertrag \u00fcber den Kauf der folgenden Waren<\/p>\n<p>Bestellt am\u00a0 ________________\u00a0 Gutschein-Nr. _____________________<\/p>\n<p>Gekauft bei ___________________________________________________<\/p>\n<p>Name des\/der Verbraucher(s) ___________________________________<\/p>\n<p>Anschrift des\/der Verbraucher(s) ________________________________<\/p>\n<p>Unterschrift des\/der Verbraucher(s) (nur bei Mitteilung auf Papier)<\/p>\n<p>Datum ____________________<\/p>\n<p>(*) Unzutreffendes streichen.<\/p>\n<p>&nbsp;<\/p>\n<p>[\/et_pb_text][\/et_pb_column][\/et_pb_row][et_pb_row _builder_version=&#8220;4.27.5&#8243; _module_preset=&#8220;default&#8220; global_colors_info=&#8220;{}&#8220;][et_pb_column type=&#8220;4_4&#8243; _builder_version=&#8220;4.27.5&#8243; _module_preset=&#8220;default&#8220; global_colors_info=&#8220;{}&#8220;][\/et_pb_column][\/et_pb_row][\/et_pb_section]<\/p>\n","protected":false},"excerpt":{"rendered":"<p>Widerrufsrecht und Muster-WiderrufsformularWiderrufsbelehrung f\u00fcr Fernabsatzvertr\u00e4ge \u00fcber Dienstleistungen und Waren Sie haben das Recht binnen vierzehn Tagen ohne Angabe von Gr\u00fcnden diesen Vertrag zu widerrufen.Die Widerrufsfrist betr\u00e4gt vierzehn Tage ab dem Tag des Vertragsschlusses.Um Ihr Widerrufsrecht auszu\u00fcben, m\u00fcssen Sie uns (Sommerrodelbahn Eckartsberga, Inh. Andreas Melzer, Ahornweg 4, 06648 Eckartsberga, Tel.: 034467 20019, E-Mail: info@sommerrodelbahn-eckartsberga.de) mittels einer [&hellip;]<\/p>\n","protected":false},"author":2,"featured_media":0,"parent":0,"menu_order":0,"comment_status":"closed","ping_status":"closed","template":"","meta":{"_et_pb_use_builder":"on","_et_pb_old_content":"","_et_gb_content_width":"","footnotes":""},"class_list":["post-224822","page","type-page","status-publish","hentry"],"_links":{"self":[{"href":"https:\/\/sommerrodelbahn-eckartsberga.de\/index.php?rest_route=\/wp\/v2\/pages\/224822","targetHints":{"allow":["GET"]}}],"collection":[{"href":"https:\/\/sommerrodelbahn-eckartsberga.de\/index.php?rest_route=\/wp\/v2\/pages"}],"about":[{"href":"https:\/\/sommerrodelbahn-eckartsberga.de\/index.php?rest_route=\/wp\/v2\/types\/page"}],"author":[{"embeddable":true,"href":"https:\/\/sommerrodelbahn-eckartsberga.de\/index.php?rest_route=\/wp\/v2\/users\/2"}],"replies":[{"embeddable":true,"href":"https:\/\/sommerrodelbahn-eckartsberga.de\/index.php?rest_route=%2Fwp%2Fv2%2Fcomments&post=224822"}],"version-history":[{"count":5,"href":"https:\/\/sommerrodelbahn-eckartsberga.de\/index.php?rest_route=\/wp\/v2\/pages\/224822\/revisions"}],"predecessor-version":[{"id":224855,"href":"https:\/\/sommerrodelbahn-eckartsberga.de\/index.php?rest_route=\/wp\/v2\/pages\/224822\/revisions\/224855"}],"wp:attachment":[{"href":"https:\/\/sommerrodelbahn-eckartsberga.de\/index.php?rest_route=%2Fwp%2Fv2%2Fmedia&parent=224822"}],"curies":[{"name":"wp","href":"https:\/\/api.w.org\/{rel}","templated":true}]}}