{"id":224817,"date":"2026-03-05T10:50:41","date_gmt":"2026-03-05T09:50:41","guid":{"rendered":"https:\/\/sommerrodelbahn-eckartsberga.de\/?page_id=224817"},"modified":"2026-03-18T12:43:00","modified_gmt":"2026-03-18T11:43:00","slug":"agb","status":"publish","type":"page","link":"https:\/\/sommerrodelbahn-eckartsberga.de\/?page_id=224817","title":{"rendered":"AGB"},"content":{"rendered":"<p>[et_pb_section fb_built=&#8220;1&#8243; disabled_on=&#8220;on|on|off&#8220; admin_label=&#8220;Dachzeile Desktop&#8220; _builder_version=&#8220;4.27.4&#8243; _module_preset=&#8220;default&#8220; background_color=&#8220;#555555&#8243; custom_margin=&#8220;0px|0px|0px|0px|false|false&#8220; custom_padding=&#8220;0px|0px|0px|0px|false|false&#8220; locked=&#8220;off&#8220; collapsed=&#8220;off&#8220; global_colors_info=&#8220;{}&#8220;][et_pb_row column_structure=&#8220;1_5,1_5,1_5,1_5,1_5&#8243; _builder_version=&#8220;4.27.4&#8243; _module_preset=&#8220;default&#8220; custom_margin=&#8220;||0px||false|false&#8220; custom_padding=&#8220;15px||0px||false|false&#8220; global_colors_info=&#8220;{}&#8220;][et_pb_column type=&#8220;1_5&#8243; _builder_version=&#8220;4.27.4&#8243; _module_preset=&#8220;default&#8220; global_colors_info=&#8220;{}&#8220;][et_pb_blurb title=&#8220;Home&#8220; url=&#8220;https:\/\/sommerrodelbahn-eckartsberga.de\/&#8220; use_icon=&#8220;on&#8220; font_icon=&#8220;&#xf015;||fa||900&#8243; icon_color=&#8220;#F9BFC7&#8243; icon_placement=&#8220;left&#8220; image_icon_width=&#8220;20px&#8220; disabled_on=&#8220;on|on|off&#8220; admin_label=&#8220;Infotext Home&#8220; _builder_version=&#8220;4.27.4&#8243; _module_preset=&#8220;default&#8220; header_text_align=&#8220;left&#8220; header_text_color=&#8220;#F9BFC7&#8243; header_font_size=&#8220;15px&#8220; image_icon_custom_margin=&#8220;||||false|false&#8220; link_option_url=&#8220;https:\/\/sommerrodelbahn-eckartsberga.de\/&#8220; global_colors_info=&#8220;{}&#8220;][\/et_pb_blurb][\/et_pb_column][et_pb_column type=&#8220;1_5&#8243; _builder_version=&#8220;4.27.4&#8243; _module_preset=&#8220;default&#8220; global_colors_info=&#8220;{}&#8220;][et_pb_blurb title=&#8220;034467 20019&#8243; use_icon=&#8220;on&#8220; font_icon=&#8220;&#xf879;||fa||900&#8243; icon_color=&#8220;#F9BFC7&#8243; icon_placement=&#8220;left&#8220; image_icon_width=&#8220;20px&#8220; disabled_on=&#8220;on|on|off&#8220; admin_label=&#8220;Infotext Telefon&#8220; _builder_version=&#8220;4.27.4&#8243; _module_preset=&#8220;default&#8220; header_text_align=&#8220;left&#8220; header_text_color=&#8220;#F9BFC7&#8243; header_font_size=&#8220;15px&#8220; image_icon_custom_margin=&#8220;||||false|false&#8220; global_colors_info=&#8220;{}&#8220;][\/et_pb_blurb][\/et_pb_column][et_pb_column type=&#8220;1_5&#8243; _builder_version=&#8220;4.27.4&#8243; _module_preset=&#8220;default&#8220; global_colors_info=&#8220;{}&#8220;][et_pb_blurb title=&#8220;info@sommerrodelbahn-eckartsberga.de&#8220; use_icon=&#8220;on&#8220; font_icon=&#8220;&#xe076;||divi||400&#8243; icon_color=&#8220;#F9BFC7&#8243; icon_placement=&#8220;left&#8220; image_icon_width=&#8220;20px&#8220; disabled_on=&#8220;on|on|off&#8220; admin_label=&#8220;Infotext Mail&#8220; _builder_version=&#8220;4.27.4&#8243; _module_preset=&#8220;default&#8220; header_text_color=&#8220;#F9BFC7&#8243; header_font_size=&#8220;15px&#8220; global_colors_info=&#8220;{}&#8220;][\/et_pb_blurb][\/et_pb_column][et_pb_column type=&#8220;1_5&#8243; _builder_version=&#8220;4.27.4&#8243; _module_preset=&#8220;default&#8220; global_colors_info=&#8220;{}&#8220;][et_pb_icon font_icon=&#8220;&#xe09a;||divi||400&#8243; icon_color=&#8220;#F9BFC7&#8243; icon_width=&#8220;20px&#8220; url=&#8220;https:\/\/www.instagram.com\/sommerrodelbahn_eckartsberga\/?igsh=MXQxY3Q2aTAwcXhnbw%3D%3D&#038;utm_source=qr#&#8220; url_new_window=&#8220;on&#8220; align=&#8220;right&#8220; admin_label=&#8220;Icon Instagram&#8220; _builder_version=&#8220;4.27.4&#8243; _module_preset=&#8220;default&#8220; global_colors_info=&#8220;{}&#8220;][\/et_pb_icon][\/et_pb_column][et_pb_column type=&#8220;1_5&#8243; _builder_version=&#8220;4.27.4&#8243; _module_preset=&#8220;default&#8220; custom_padding=&#8220;|||0px|false|false&#8220; global_colors_info=&#8220;{}&#8220;][et_pb_icon font_icon=&#8220;&#xe0c1;||divi||400&#8243; icon_color=&#8220;#F9BFC7&#8243; icon_width=&#8220;20px&#8220; url_new_window=&#8220;on&#8220; align=&#8220;left&#8220; disabled_on=&#8220;on|on|on&#8220; admin_label=&#8220;Icon Facebook&#8220; _builder_version=&#8220;4.27.4&#8243; _module_preset=&#8220;default&#8220; custom_margin=&#8220;|||0px|false|false&#8220; custom_padding=&#8220;|||0px|false|false&#8220; disabled=&#8220;on&#8220; global_colors_info=&#8220;{}&#8220;][\/et_pb_icon][\/et_pb_column][\/et_pb_row][\/et_pb_section][et_pb_section fb_built=&#8220;1&#8243; _builder_version=&#8220;4.27.5&#8243; _module_preset=&#8220;default&#8220; global_colors_info=&#8220;{}&#8220; collapsed=&#8220;off&#8220;][et_pb_row _builder_version=&#8220;4.27.5&#8243; _module_preset=&#8220;default&#8220; global_colors_info=&#8220;{}&#8220;][et_pb_column type=&#8220;4_4&#8243; _builder_version=&#8220;4.27.5&#8243; _module_preset=&#8220;default&#8220; global_colors_info=&#8220;{}&#8220;][et_pb_text admin_label=&#8220;h1&#8243; _builder_version=&#8220;4.27.6&#8243; _module_preset=&#8220;default&#8220; global_colors_info=&#8220;{}&#8220;]<\/p>\n<h1>Allgemeine Gesch\u00e4ftsbedingungen (AGB)<\/h1>\n<p>[\/et_pb_text][\/et_pb_column][\/et_pb_row][et_pb_row _builder_version=&#8220;4.27.5&#8243; _module_preset=&#8220;default&#8220; global_colors_info=&#8220;{}&#8220;][et_pb_column type=&#8220;4_4&#8243; _builder_version=&#8220;4.27.5&#8243; _module_preset=&#8220;default&#8220; global_colors_info=&#8220;{}&#8220;][et_pb_text _builder_version=&#8220;4.27.6&#8243; _module_preset=&#8220;default&#8220; global_colors_info=&#8220;{}&#8220;]<\/p>\n<p><strong>\u00a71 Geltungsbereich<\/strong><\/p>\n<p>Alle Leistungen, die \u00fcber den Online-Shop der Sommerrodelbahn Eckartsberga, Inh. Andreas Melzer (im Folgenden: Verk\u00e4ufer) f\u00fcr den Kunden (im Folgenden: K\u00e4ufer oder Besteller) erbracht werden, erfolgen ausschlie\u00dflich auf der Grundlage der nachfolgenden Allgemeinen Gesch\u00e4ftsbedingungen in ihrer zum Zeitpunkt der Bestellung g\u00fcltigen Fassung. Abweichende Regelungen gelten nur dann, wenn sie zwischen Verk\u00e4ufer und K\u00e4ufer schriftlich vereinbart wurden. Die folgenden Allgemeinen Gesch\u00e4ftsbedingungen regeln das Vertragsverh\u00e4ltnis zwischen dem Verk\u00e4ufer und K\u00e4ufern, die \u00fcber den Online-Shop auf der Internetseite der Sommerrodelbahn Eckartsberga Gutscheine (im Folgenden: Artikel) kaufen. Die Vertragssprache ist Deutsch.<\/p>\n<p><strong>\u00a72 Vertragsschluss<\/strong><\/p>\n<p>Mit der Pr\u00e4sentation unserer Gutscheine und der Einr\u00e4umung der M\u00f6glichkeit zur Bestellung ist noch kein verbindliches Angebot unsererseits verbunden. Erst die Bestellung (Durch Anklicken des Bestell-Buttons) stellt ein Angebot an uns zum Abschluss eines Kaufvertrages dar. Wird eine Bestellung bei uns aufgegeben, senden wir an die vom Besteller angegebene E-Mail-Adresse eine E-Mail, mit der wir den Eingang der Bestellung best\u00e4tigen und deren Einzelheiten auff\u00fchren (Bestellbest\u00e4tigung). Diese Bestellbest\u00e4tigung stellt keine Annahme des Angebotes dar, sondern soll nur dar\u00fcber informieren, dass die Bestellung bei uns eingegangen ist. Ein Kaufvertrag mit uns kommt erst dann zustande, wenn wir die Artikel an den Besteller versenden.<\/p>\n<p><strong>\u00a73 Preise und Versandkosten<\/strong><\/p>\n<p>Die ausgezeichneten Preise sind Endpreise inkl. Umsatzsteuer. Es gilt der Betrag, der jeweils zum Zeitpunkt der verbindlichen Bestellung ausgewiesen ist. Hinzu kommen Versandkosten, die von der Versandart abh\u00e4ngig sind.<\/p>\n<p><strong>\u00a74 Zahlung<\/strong><\/p>\n<p>Die Bezahlung erfolgt per Bank\u00fcberweisung oder wahlweise durch den Zahlungsdienstleister PayPal. Alle angegebenen Preise sind Endpreise, die die gesetzliche Mehrwertsteuer beinhalten. Versandkosten sind nicht im Gutscheinpreis inkludiert und gesondert aufgef\u00fchrt.\u00a0Der Kaufpreis ist sofort mit der Bestellung f\u00e4llig.<\/p>\n<p><strong>\u00a75 Lieferung<\/strong><\/p>\n<p>(1) Die Lieferung erfolgt an die vom Kunden angegebene Lieferanschrift, jedoch nur innerhalb der Bundesrepublik Deutschland. Lieferungen in andere L\u00e4nder erh\u00f6hen die Versandkosten und m\u00fcssen daher separat vereinbart werden. Der Kunde tr\u00e4gt die Versandkosten.<\/p>\n<p>(2) Print@Home bezeichnet den Versand der Artikel per E-Mail.<br \/>(3) Gutscheine sind an der Kasse vor Ort einzul\u00f6sen. Gegen Vorlage der Gutscheine erh\u00e4lt der Gutscheinbesitzer die entsprechenden Tickets. Gutscheine k\u00f6nnen nur mit einer g\u00fcltigen Gutscheinnummer eingel\u00f6st werden.<br \/>(4) Der Verk\u00e4ufer \u00fcbernimmt nur die Gew\u00e4hr daf\u00fcr, dass der Artikel entsprechend der gew\u00e4hlten Weise versandt wird, nicht aber, dass er dem angegebenen Empf\u00e4nger auch tats\u00e4chlich zugeht; dies gilt sowohl bei dem Versand per E-Mail als auch dem postalischen Versand. Die Versendungsgefahr des Gutscheins per Post oder E-Mail tr\u00e4gt der Kunde.<\/p>\n<p><strong>\u00a76 Leistungszeit und Leistungen <\/strong><\/p>\n<p>(1) Die Gutscheine sind innerhalb von drei Jahren ab Kaufdatum einzul\u00f6sen.<br \/>(2) Macht h\u00f6here Gewalt (z.B. Pandemien, Naturkatastrophen, Krieg, B\u00fcrgerkrieg, Terroranschlag oder sonstige Zerst\u00f6rung) die Lieferung oder eine sonstige Leistung unm\u00f6glich, ist eine Leistungspflicht des Verk\u00e4ufers ausgeschlossen. Bereits gezahlte Betr\u00e4ge werden vom Verk\u00e4ufer erstattet.<br \/>(3) Der Verk\u00e4ufer kann die Leistung aus berechtigten Gr\u00fcnden verweigern. Hat der Verk\u00e4ufer den Grund zu vertreten, wird er dem Kunden den Kaufpreis erstatten. Kein Anspruch auf Erstattung des Kaufpreises besteht<br \/>\u2212 im Falle einer Pflichtverletzung des Kunden (z.B. Versto\u00df des Kunden gegen Benutzungsbedingungen oder Anordnungen des Personals o.\u00e4.),<br \/>\u2212 wenn die Leistung einen Aufwand erfordert, der unter Beachtung des Inhalts des Kaufvertrages und der Gebote von Treu und Glauben in einem groben Missverh\u00e4ltnis zu dem Interesse des Kunden an der Erf\u00fcllung des Kaufvertrages steht,<br \/>\u2212 bei eingeschr\u00e4nkter Nutzungsm\u00f6glichkeit (z.B. aus nicht zu vertretenden technischen Gr\u00fcnden, schlechtem Wetter, hohem G\u00e4steaufkommen o.\u00e4.).<\/p>\n<p><strong>\u00a77 Stornierung, Umtausch und Verlust<\/strong><\/p>\n<p>Eine Stornierung des Vertrages oder eine R\u00fccknahme gedruckter Gutscheine ist nach der im \u00a7 14 (Widerrufsrecht) genannten Widerrufsfrist nicht m\u00f6glich. Ein Umtausch oder eine Barauszahlung sind ausgeschlossen. Der Verk\u00e4ufer \u00fcbernimmt keine Haftung f\u00fcr den Verlust oder Diebstahl von Gutscheinen.<\/p>\n<p><strong>\u00a78 Anbieterkennzeichnung, Kundendienst<\/strong><\/p>\n<p>Unsere Anschrift f\u00fcr Beanstandungen und sonstige Willenserkl\u00e4rungen sowie unsere ladungsf\u00e4hige Anschrift lautet: Sommerrodelbahn Eckartsberga, Inh. Andreas Melzer, Ahornweg 4, 06648 Eckartsberga. Der Kundendienst des Online-Shops ist f\u00fcr Fragen, Reklamationen und Beanstandungen wochentags von 09:00 bis 17:00 Uhr unter der Telefonnummer 034467\/20019 sowie per E-Mail unter info@sommerrodelbahn-eckartsberga.de oder \u00fcber die Kontaktm\u00f6glichkeiten auf unseren Internetseiten verf\u00fcgbar.<\/p>\n<p><strong>\u00a79 Datenschutz<\/strong><\/p>\n<p>Der Verk\u00e4ufer ist berechtigt, alle Daten, die die Gesch\u00e4ftsbeziehung mit dem K\u00e4ufer betreffen, unter Beachtung des Bundesdatenschutzgesetzes zu verarbeiten.<\/p>\n<p>Die Datenkommunikation \u00fcber das Internet kann nach dem derzeitigen Stand der Technik nicht fehlerfrei und\/oder nicht jederzeit verf\u00fcgbar gew\u00e4hrleistet werden.<br \/>Die Sommerrodelbahn Eckartsberga, Inh. Andreas Melzer haftet daher nicht f\u00fcr die ununterbrochene Verf\u00fcgbarkeit des Online-Shops\u00a0sowie die unverz\u00fcgliche Zustellung von E-Mails.<\/p>\n<p><strong>\u00a710 Gesetzliche M\u00e4ngelhaftungsrechte<\/strong><\/p>\n<p>F\u00fcr die Gutscheine bestehen die gesetzlichen Gew\u00e4hrleistungsrechte.<\/p>\n<p><strong>\u00a711 Haftungsbeschr\u00e4nkung<\/strong><\/p>\n<p>(1) Anspr\u00fcche des K\u00e4ufers auf Schadensersatz sind ausgeschlossen. Hiervon ausgenommen sind Schadensersatzanspr\u00fcche des K\u00e4ufers aus der Verletzung des Lebens, des K\u00f6rpers, der Gesundheit oder aus der Verletzung wesentlicher Vertragspflichten (Kardinalpflichten) sowie die Haftung f\u00fcr sonstige Sch\u00e4den, die auf einer vors\u00e4tzlichen oder grob fahrl\u00e4ssigen Pflichtverletzung des Verk\u00e4ufers, seiner gesetzlichen Vertreter oder Erf\u00fcllungsgehilfen beruhen. Wesentliche Vertragspflichten sind solche, deren Erf\u00fcllung zur Erreichung des Ziels des Vertrags notwendig ist, insbesondere die Pflicht, dem K\u00e4ufer die Sache zu \u00fcbergeben und dem K\u00e4ufer das Eigentum daran zu verschaffen.<br \/>(2) Bei der Verletzung wesentlicher Vertragspflichten haftet der Verk\u00e4ufer nur auf den vertragstypischen, vorhersehbaren Schaden, wenn dieser einfach fahrl\u00e4ssig verursacht wurde, es sei denn, es handelt sich um Schadensersatzanspr\u00fcche des K\u00e4ufers aus einer Verletzung des Lebens, des K\u00f6rpers oder der Gesundheit.<br \/>(3) Die Einschr\u00e4nkungen der Abs. 1 und 2 gelten auch zugunsten der gesetzlichen Vertreter und Erf\u00fcllungsgehilfen des Verk\u00e4ufers, wenn Anspr\u00fcche direkt gegen diese geltend gemacht werden.<br \/>(4) Die sich aus Abs. 1 und 2 ergebenden Haftungsbeschr\u00e4nkungen gelten nicht, soweit der Verk\u00e4ufer den Mangel arglistig verschwiegen oder eine Garantie f\u00fcr die Beschaffenheit der Sache \u00fcbernommen hat. Das gleiche gilt, soweit der Verk\u00e4ufer und der K\u00e4ufer eine Vereinbarung \u00fcber die Beschaffenheit der Sache getroffen haben. Die Vorschriften des Produkthaftungsgesetzes bleiben unber\u00fchrt.<br \/>(5) Der Verk\u00e4ufer \u00fcbernimmt keine Haftung f\u00fcr eine versp\u00e4tete Zustellung auf dem Postweg.<\/p>\n<p><strong>\u00a712 K\u00e4uferinformationen<\/strong><\/p>\n<p>Speicherungen der Bestelldaten: Die Bestellung des K\u00e4ufers mit Einzelheiten zum geschlossenen Vertrag (z.B. Art des Produkts, Preis etc.) wird vom Verk\u00e4ufer gespeichert. Die AGB sind jederzeit \u00fcber unsere Webseite aufrufbar.<\/p>\n<p>Korrekturhinweis: K\u00e4ufer k\u00f6nnen Ihre Eingaben vor Abgabe der Bestellung jederzeit mit der L\u00f6schtaste berichtigen. Den Bestellprozess kann der K\u00e4ufer jederzeit durch Schlie\u00dfen des Browser-Fensters komplett beenden.<\/p>\n<p><strong>\u00a713 Eigentumsvorbehalt, Aufrechnung und Zur\u00fcckbehaltungsrecht<\/strong><\/p>\n<p>Der Kaufgegenstand bleibt bis zur vollst\u00e4ndigen Bezahlung Eigentum der Sommerrodelbahn Eckartsberga, Inh. Andreas Melzer. Bei Verbrauchern beh\u00e4lt sich der Verk\u00e4ufer das Eigentum an der Kaufsache bis zur vollst\u00e4ndigen Zahlung des Rechnungsbetrags vor. Ist der K\u00e4ufer Unternehmer in Aus\u00fcbung seiner gewerblichen oder selbst\u00e4ndigen beruflichen T\u00e4tigkeit, eine juristische Person des \u00f6ffentlichen Rechts oder \u00f6ffentlich-rechtliches Sonderverm\u00f6gen, beh\u00e4lt sich der Verk\u00e4ufer das Eigentum an der Kaufsache bis zum Ausgleich aller noch offenen Forderungen aus der Gesch\u00e4ftsverbindung mit dem K\u00e4ufer vor. Die entsprechenden Sicherungsrechte sind auf Dritte \u00fcbertragbar.\u00a0Ein Recht zur Aufrechnung steht dem K\u00e4ufer nur zu, wenn seine Gegenanspr\u00fcche rechtskr\u00e4ftig festgestellt oder von dem Verk\u00e4ufer unbestritten oder anerkannt sind. Au\u00dferdem hat der K\u00e4ufer ein Zur\u00fcckbehaltungsrecht nur, wenn und soweit sein Gegenanspruch auf dem gleichen Vertragsverh\u00e4ltnis beruht.\u00a0Befindet sich der K\u00e4ufer uns gegen\u00fcber mit irgendwelchen Zahlungsverpflichtungen im Verzug, so werden s\u00e4mtliche bestehende Forderungen sofort f\u00e4llig.<\/p>\n<p><strong>\u00a714 Widerrufsrecht<\/strong><\/p>\n<p>Der K\u00e4ufer im Sinne des Verbrauchers hat das Recht, binnen vierzehn Tagen ohne Angabe von Gr\u00fcnden diesen Vertrag zu widerrufen. Der Widerruf ist ausgeschlossen, wenn der K\u00e4ufer den Kauf im Sinne einer gewerblichen oder selbstst\u00e4ndig beruflichen T\u00e4tigkeit aus\u00fcbt.\u00a0Die Widerrufsfrist betr\u00e4gt vierzehn Tage ab dem Tag, an dem der K\u00e4ufer oder ein vom K\u00e4ufer benannter Dritter, der nicht der Bef\u00f6rderer ist, den ersten Artikel in Besitz genommen hat.\u00a0Um das Widerrufsrecht auszu\u00fcben, muss der K\u00e4ufer dem Verk\u00e4ufer (Sommerrodelbahn Eckartsberga, Inh. Andreas Melzer, Ahornweg 4, 06648 Eckartsberga, E-Mail: info@sommerrodelbahn-eckartsberga.de, Telefon: 034467\/20019) mittels einer eindeutigen Erkl\u00e4rung (z.B. ein mit der Post versandter Brief oder E-Mail) \u00fcber den Entschluss, diesen Vertrag zu widerrufen, informieren. Der K\u00e4ufer kann daf\u00fcr das folgende Muster-Widerrufsformular verwenden, das jedoch nicht vorgeschrieben ist.<\/p>\n<p>Hiermit widerrufe(n) ich\/wir* den von mir\/uns* abgeschlossenen Vertrag \u00fcber den Kauf der folgenden Artikel:<\/p>\n<p>&#8230;&#8230;&#8230;&#8230;&#8230;&#8230;&#8230;&#8230;&#8230;&#8230;&#8230;&#8230;&#8230;&#8230;&#8230;&#8230;&#8230;&#8230;&#8230;&#8230;&#8230;&#8230;.(Artikel, Anzahl, ggf. Bestellnr. und Preis)<\/p>\n<p>Bestellt am \u2026&#8230;&#8230;&#8230;&#8230;&#8230;&#8230;&#8230;&#8230;&#8230;&#8230; erhalten am&#8230;&#8230;&#8230;&#8230;&#8230;&#8230;&#8230;&#8230;&#8230;.<\/p>\n<p>Name des\/der Verbraucher(s)<br \/>Anschrift des\/der Verbraucher(s)<br \/>Datum<br \/>Unterschrift (nur bei Mitteilung auf Papier)<br \/>* Unzutreffendes streichen<\/p>\n<p>Zur Wahrung der Widerrufsfrist reicht es aus, dass der K\u00e4ufer die Mitteilung \u00fcber die Aus\u00fcbung des Widerrufsrechts vor Ablauf der Widerrufsfrist absendet.<\/p>\n<p><strong>\u00a715 Folgen des Widerrufs<\/strong><\/p>\n<p>Wenn der K\u00e4ufer den Vertrag widerruft, hat der Verk\u00e4ufer dem K\u00e4ufer alle Zahlungen, die der Verk\u00e4ufer vom K\u00e4ufer erhalten hat, einschlie\u00dflich der Lieferkosten (mit Ausnahme der zus\u00e4tzlichen Kosten, die sich daraus ergeben, dass der K\u00e4ufer eine andere Art der Lieferung als die vom Verk\u00e4ufer angebotene, g\u00fcnstigste Standardlieferung gew\u00e4hlt hat), unverz\u00fcglich und sp\u00e4testens binnen vierzehn Tagen ab dem Tag zur\u00fcckzuzahlen, an dem die Mitteilung \u00fcber den Widerruf dieses Vertrags beim Verk\u00e4ufer eingegangen ist. F\u00fcr diese R\u00fcckzahlung verwendet der Verk\u00e4ufer dasselbe Zahlungsmittel, das der K\u00e4ufer bei der urspr\u00fcnglichen Transaktion eingesetzt hat, es sei denn, es wurde ausdr\u00fccklich etwas anderes vereinbart; in keinem Fall werden dem K\u00e4ufer wegen dieser R\u00fcckzahlung Entgelte berechnet. Der Verk\u00e4ufer kann die R\u00fcckzahlung verweigern, bis der Verk\u00e4ufer die Artikel wieder zur\u00fcckerhalten hat oder der K\u00e4ufer den Nachweis erbracht hat, dass der K\u00e4ufer die Artikel zur\u00fcckgesandt hat, je nachdem, welches der fr\u00fchere Zeitpunkt ist. Der K\u00e4ufer hat die Artikel unverz\u00fcglich und in jedem Fall sp\u00e4testens binnen vierzehn Tagen ab dem Tag, an dem der K\u00e4ufer den Verk\u00e4ufer \u00fcber den Widerruf dieses Vertrags unterrichtet hat, an den Verk\u00e4ufer zur\u00fcckzusenden oder zu \u00fcbergeben. Die Frist ist gewahrt, wenn der K\u00e4ufer die Artikel vor Ablauf der Frist von vierzehn Tagen absendet. Die Sommerrodelbahn Eckartsberga, Inh. Andreas Melzer, tr\u00e4gt die Kosten der R\u00fccksendung der Artikel nicht. Der K\u00e4ufer muss f\u00fcr einen etwaigen Wertverlust der Gutscheine aufkommen, wenn dieser Wertverlust auf einen zur Pr\u00fcfung der Beschaffenheit, Eigenschaften und Funktionsweise der Artikel nicht notwendigen Umgang mit dem K\u00e4ufer zur\u00fcckzuf\u00fchren ist.<\/p>\n<p><strong>\u00a716 Weiterver\u00e4u\u00dferung von Gutscheinen<\/strong><\/p>\n<p>Zur Unterbindung des Weiterverkaufs von Gutscheinen ist es dem K\u00e4ufer nicht gestattet:<br \/>\u2212 Gutscheine zu einem h\u00f6heren als dem Verkaufspreis des Verk\u00e4ufers zu ver\u00e4u\u00dfern, dies gilt insbesondere auch im Rahmen einer privaten Weitergabe;<br \/>\u2212 Gutscheine, ohne ausdr\u00fcckliche vorherige schriftliche Zustimmung durch den Verk\u00e4ufer gewerblich oder kommerziell zu ver\u00e4u\u00dfern;<br \/>\u2212 Gutscheine im Rahmen von Gewinnspielen, Reise- oder Hospitality-Angeboten oder \u00f6ffentlich zu Werbe- oder Marketingzwecken, ohne vorherige schriftliche Einwilligung des Verk\u00e4ufers zu verwenden;<br \/>\u2212 Gutscheine bei Internetauktionsh\u00e4usern selbst oder durch Dritte zum Verkauf anzubieten;<br \/>\u2212 Gutscheine auf sonstigen, nicht autorisierten Internetplattformen selbst oder durch Dritte zum Verkauf anzubieten;<br \/>\u2212 Gutscheine ohne ausdr\u00fccklichen Hinweis auf diese Internetbuchungsbedingungen, insbesondere diese Ziffer, weiterzugeben, auch soweit eine Weitergabe nach dieser Regelung nicht verboten ist.<\/p>\n<p>Der Verk\u00e4ufer ist berechtigt, von K\u00e4ufern, die unter Versto\u00df gegen die Bestimmung bzgl. der Weiterver\u00e4u\u00dferung Gutscheine gewerblich weitergeben und\/oder anbieten\/in den Verkehr bringen, pro Versto\u00df einen pauschalierten Schadensersatzanspruch in H\u00f6he des Doppelten des Verkaufspreises pro verkauftem Gutschein zu verlangen. Ma\u00dfgeblich f\u00fcr die Anzahl der Verst\u00f6\u00dfe ist die Zahl der angebotenen, verkauften, weitergegebenen oder verwendeten Gutscheine. Bei einem Versto\u00df gegen die vorgenannten Verbote verlieren die Gutscheine ihre G\u00fcltigkeit. Der Verk\u00e4ufer beh\u00e4lt sich au\u00dferdem vor, Personen, die gegen die obigen Weiterverkaufsverbote versto\u00dfen, zuk\u00fcnftig den Erwerb von Artikeln zu verweigern und\/oder weitergehende zivil- und\/oder strafrechtliche Ma\u00dfnahmen einzuleiten. Dem K\u00e4ufer wird der Nachweis gestattet, ein Schaden oder eine Wertminderung sei \u00fcberhaupt nicht entstanden oder wesentlich niedriger als die Pauschale.<\/p>\n<p>Das Vervielf\u00e4ltigen, Editieren oder Manipulieren der Gutscheine ist nicht gestattet.<br \/>Der Verk\u00e4ufer beh\u00e4lt sich das Recht vor, bei begr\u00fcndetem Verdacht auf unerlaubte Vervielf\u00e4ltigung oder Manipulation rechtliche Schritte einzuleiten.<\/p>\n<p><strong>\u00a717 Erf\u00fcllungsort, Gerichtsstand und Rechtsordnung<\/strong><\/p>\n<p>F\u00fcr Vertr\u00e4ge mit Kaufleuten, juristischen Personen des \u00f6ffentlichen Rechts und \u00f6ffentlich-rechtlichen Sonderverm\u00f6gen wird als Erf\u00fcllungsort f\u00fcr Lieferung und Zahlung sowie als Gerichtstand Eckartsberga vereinbart; der Verk\u00e4ufer ist jedoch berechtigt, auch am Ort des Sitzes oder einer Niederlassung des K\u00e4ufers zu klagen.\u00a0Hat der K\u00e4ufer keinen allgemeinen Gerichtstand im Inland oder verlegt er nach Vertragsabschluss seinen Wohnsitz oder gew\u00f6hnlichen Aufenthaltsort aus dem Geltungsbereich der Bundesrepublik Deutschland, ist der Gesch\u00e4ftssitz des Verk\u00e4ufers Gerichtsstand. Dies gilt auch, falls Wohnsitz oder gew\u00f6hnlicher Aufenthalt des K\u00e4ufers zum Zeitpunkt der Klageerhebung nicht bekannt sind.\u00a0Es gilt das Recht der Bundesrepublik Deutschland unter Ausschluss des UN-Kaufrechts.\u00a0Sollte eine Bestimmung dieser Bedingungen und der getroffenen weiteren Vereinbarung unwirksam sein oder werden, so wird dadurch die G\u00fcltigkeit der \u00fcbrigen Bedingungen nicht ber\u00fchrt.\u00a0Es gilt das Recht der Bundesrepublik Deutschland.\u00a0Die Sommerrodelbahn Eckartsberga, Inh. Andreas Melzer, ist nicht bereit und nicht verpflichtet, an einem Streitbeilegungsverfahren vor der Verbraucherschlichtungsstelle teilzunehmen. Die Europ\u00e4ische Kommission stellt eine Plattform zur Online-Streitbeilegung (OS) bereit, die der K\u00e4ufer unter http:\/\/ec.europa.eu\/consumers\/odr\/ findet. Zur Teilnahme an einem Streitbeilegungsverfahren vor einer Verbraucherschlichtungsstelle ist der Verk\u00e4ufer nicht verpflichtet und nicht bereit.<\/p>\n<p>Eckartsberga, 09.03.2026<\/p>\n<p>[\/et_pb_text][\/et_pb_column][\/et_pb_row][et_pb_row _builder_version=&#8220;4.27.5&#8243; _module_preset=&#8220;default&#8220; global_colors_info=&#8220;{}&#8220;][et_pb_column type=&#8220;4_4&#8243; _builder_version=&#8220;4.27.5&#8243; _module_preset=&#8220;default&#8220; global_colors_info=&#8220;{}&#8220;][\/et_pb_column][\/et_pb_row][\/et_pb_section]<\/p>\n","protected":false},"excerpt":{"rendered":"<p>Allgemeine Gesch\u00e4ftsbedingungen (AGB)\u00a71 Geltungsbereich Alle Leistungen, die \u00fcber den Online-Shop der Sommerrodelbahn Eckartsberga, Inh. Andreas Melzer (im Folgenden: Verk\u00e4ufer) f\u00fcr den Kunden (im Folgenden: K\u00e4ufer oder Besteller) erbracht werden, erfolgen ausschlie\u00dflich auf der Grundlage der nachfolgenden Allgemeinen Gesch\u00e4ftsbedingungen in ihrer zum Zeitpunkt der Bestellung g\u00fcltigen Fassung. Abweichende Regelungen gelten nur dann, wenn sie zwischen Verk\u00e4ufer [&hellip;]<\/p>\n","protected":false},"author":2,"featured_media":0,"parent":0,"menu_order":0,"comment_status":"closed","ping_status":"closed","template":"","meta":{"_et_pb_use_builder":"on","_et_pb_old_content":"","_et_gb_content_width":"","footnotes":""},"class_list":["post-224817","page","type-page","status-publish","hentry"],"_links":{"self":[{"href":"https:\/\/sommerrodelbahn-eckartsberga.de\/index.php?rest_route=\/wp\/v2\/pages\/224817","targetHints":{"allow":["GET"]}}],"collection":[{"href":"https:\/\/sommerrodelbahn-eckartsberga.de\/index.php?rest_route=\/wp\/v2\/pages"}],"about":[{"href":"https:\/\/sommerrodelbahn-eckartsberga.de\/index.php?rest_route=\/wp\/v2\/types\/page"}],"author":[{"embeddable":true,"href":"https:\/\/sommerrodelbahn-eckartsberga.de\/index.php?rest_route=\/wp\/v2\/users\/2"}],"replies":[{"embeddable":true,"href":"https:\/\/sommerrodelbahn-eckartsberga.de\/index.php?rest_route=%2Fwp%2Fv2%2Fcomments&post=224817"}],"version-history":[{"count":9,"href":"https:\/\/sommerrodelbahn-eckartsberga.de\/index.php?rest_route=\/wp\/v2\/pages\/224817\/revisions"}],"predecessor-version":[{"id":224853,"href":"https:\/\/sommerrodelbahn-eckartsberga.de\/index.php?rest_route=\/wp\/v2\/pages\/224817\/revisions\/224853"}],"wp:attachment":[{"href":"https:\/\/sommerrodelbahn-eckartsberga.de\/index.php?rest_route=%2Fwp%2Fv2%2Fmedia&parent=224817"}],"curies":[{"name":"wp","href":"https:\/\/api.w.org\/{rel}","templated":true}]}}