{"id":224743,"date":"2026-02-17T13:26:28","date_gmt":"2026-02-17T12:26:28","guid":{"rendered":"https:\/\/sommerrodelbahn-eckartsberga.de\/?page_id=224743"},"modified":"2026-03-28T09:26:00","modified_gmt":"2026-03-28T08:26:00","slug":"warenkorb","status":"publish","type":"page","link":"https:\/\/sommerrodelbahn-eckartsberga.de\/?page_id=224743","title":{"rendered":"Warenkorb"},"content":{"rendered":"<p>[et_pb_section fb_built=&#8220;1&#8243; _builder_version=&#8220;4.16&#8243; global_colors_info=&#8220;{}&#8220;][et_pb_row _builder_version=&#8220;4.16&#8243; background_size=&#8220;initial&#8220; background_position=&#8220;top_left&#8220; background_repeat=&#8220;repeat&#8220; global_colors_info=&#8220;{}&#8220;][et_pb_column type=&#8220;4_4&#8243; _builder_version=&#8220;4.16&#8243; custom_padding=&#8220;|||&#8220; global_colors_info=&#8220;{}&#8220; custom_padding__hover=&#8220;|||&#8220;][et_pb_text admin_label=&#8220;h1&#8243; _builder_version=&#8220;4.27.5&#8243; background_size=&#8220;initial&#8220; background_position=&#8220;top_left&#8220; background_repeat=&#8220;repeat&#8220; global_colors_info=&#8220;{}&#8220;]<\/p>\n<h1>Warenkorb<\/h1>\n<p>[\/et_pb_text][et_pb_text _builder_version=&#8220;4.27.5&#8243; _module_preset=&#8220;default&#8220; global_colors_info=&#8220;{}&#8220;]<\/p>\n<p>An der Kasse geben Sie bitte Ihre Kontaktdaten ein. Danach k\u00f6nnen Sie w\u00e4hlen, ob Sie den Gutschein als Ausdruck per Post oder als PDF per Email erhalten m\u00f6chten.<\/p>\n<p>[\/et_pb_text][\/et_pb_column][\/et_pb_row][et_pb_row _builder_version=&#8220;4.27.5&#8243; _module_preset=&#8220;default&#8220; global_colors_info=&#8220;{}&#8220;][et_pb_column type=&#8220;4_4&#8243; _builder_version=&#8220;4.27.5&#8243; _module_preset=&#8220;default&#8220; global_colors_info=&#8220;{}&#8220;][et_pb_code _builder_version=&#8220;4.27.5&#8243; _module_preset=&#8220;default&#8220; global_colors_info=&#8220;{}&#8220;]<div class=\"woocommerce\"><div class=\"woocommerce-notices-wrapper\"><\/div><div class=\"wc-empty-cart-message\">\n\t<div class=\"cart-empty woocommerce-info\" role=\"status\">\n\t\tDein Warenkorb ist gegenw\u00e4rtig leer.\t<\/div>\n<\/div>\t<p class=\"return-to-shop\">\n\t\t<a class=\"button wc-backward\" href=\"https:\/\/sommerrodelbahn-eckartsberga.de\/?page_id=224784\">\n\t\t\tZur\u00fcck zum Shop\t\t<\/a>\n\t<\/p>\n<\/div>[\/et_pb_code][\/et_pb_column][\/et_pb_row][et_pb_row _builder_version=&#8220;4.27.5&#8243; _module_preset=&#8220;default&#8220; global_colors_info=&#8220;{}&#8220;][et_pb_column type=&#8220;4_4&#8243; _builder_version=&#8220;4.27.5&#8243; _module_preset=&#8220;default&#8220; global_colors_info=&#8220;{}&#8220;][et_pb_text admin_label=&#8220;Seite Shop &#038; Warenkorb&#8220; _builder_version=&#8220;4.27.6&#8243; vertical_offset_tablet=&#8220;0&#8243; horizontal_offset_tablet=&#8220;0&#8243; hover_enabled=&#8220;0&#8243; z_index_tablet=&#8220;0&#8243; text_text_shadow_horizontal_length_tablet=&#8220;0px&#8220; text_text_shadow_vertical_length_tablet=&#8220;0px&#8220; text_text_shadow_blur_strength_tablet=&#8220;1px&#8220; link_text_shadow_horizontal_length_tablet=&#8220;0px&#8220; link_text_shadow_vertical_length_tablet=&#8220;0px&#8220; link_text_shadow_blur_strength_tablet=&#8220;1px&#8220; ul_text_shadow_horizontal_length_tablet=&#8220;0px&#8220; ul_text_shadow_vertical_length_tablet=&#8220;0px&#8220; ul_text_shadow_blur_strength_tablet=&#8220;1px&#8220; ol_text_shadow_horizontal_length_tablet=&#8220;0px&#8220; ol_text_shadow_vertical_length_tablet=&#8220;0px&#8220; ol_text_shadow_blur_strength_tablet=&#8220;1px&#8220; quote_text_shadow_horizontal_length_tablet=&#8220;0px&#8220; quote_text_shadow_vertical_length_tablet=&#8220;0px&#8220; quote_text_shadow_blur_strength_tablet=&#8220;1px&#8220; header_text_shadow_horizontal_length_tablet=&#8220;0px&#8220; header_text_shadow_vertical_length_tablet=&#8220;0px&#8220; header_text_shadow_blur_strength_tablet=&#8220;1px&#8220; header_2_text_shadow_horizontal_length_tablet=&#8220;0px&#8220; header_2_text_shadow_vertical_length_tablet=&#8220;0px&#8220; header_2_text_shadow_blur_strength_tablet=&#8220;1px&#8220; header_3_text_shadow_horizontal_length_tablet=&#8220;0px&#8220; header_3_text_shadow_vertical_length_tablet=&#8220;0px&#8220; header_3_text_shadow_blur_strength_tablet=&#8220;1px&#8220; header_4_text_shadow_horizontal_length_tablet=&#8220;0px&#8220; header_4_text_shadow_vertical_length_tablet=&#8220;0px&#8220; header_4_text_shadow_blur_strength_tablet=&#8220;1px&#8220; header_5_text_shadow_horizontal_length_tablet=&#8220;0px&#8220; header_5_text_shadow_vertical_length_tablet=&#8220;0px&#8220; header_5_text_shadow_blur_strength_tablet=&#8220;1px&#8220; header_6_text_shadow_horizontal_length_tablet=&#8220;0px&#8220; header_6_text_shadow_vertical_length_tablet=&#8220;0px&#8220; header_6_text_shadow_blur_strength_tablet=&#8220;1px&#8220; box_shadow_horizontal_tablet=&#8220;0px&#8220; box_shadow_vertical_tablet=&#8220;0px&#8220; box_shadow_blur_tablet=&#8220;40px&#8220; box_shadow_spread_tablet=&#8220;0px&#8220; global_colors_info=&#8220;{}&#8220; sticky_enabled=&#8220;0&#8243; locked=&#8220;off&#8220;]<\/p>\n<ul>\n<li><a href=\"https:\/\/sommerrodelbahn-eckartsberga.de\/?post_type=product\">Seite Shop<\/a><\/li>\n<li><a href=\"https:\/\/sommerrodelbahn-eckartsberga.de\/?page_id=224743\">Seite Warenkorb<\/a><\/li>\n<li><a href=\"https:\/\/sommerrodelbahn-eckartsberga.de\/?page_id=224896\">Seite Kasse<\/a><\/li>\n<\/ul>\n<p>[\/et_pb_text][\/et_pb_column][\/et_pb_row][et_pb_row _builder_version=&#8220;4.27.5&#8243; _module_preset=&#8220;default&#8220; global_colors_info=&#8220;{}&#8220;][et_pb_column type=&#8220;4_4&#8243; _builder_version=&#8220;4.27.5&#8243; _module_preset=&#8220;default&#8220; global_colors_info=&#8220;{}&#8220;][\/et_pb_column][\/et_pb_row][\/et_pb_section]<\/p>\n","protected":false},"excerpt":{"rendered":"<p>Warenkorb An der Kasse geben Sie bitte Ihre Kontaktdaten ein. Danach k\u00f6nnen Sie w\u00e4hlen, ob Sie den Gutschein als Ausdruck per Post oder als PDF per Email erhalten m\u00f6chten. <div class=\"woocommerce\"><div class=\"woocommerce-notices-wrapper\"><\/div><div class=\"wc-empty-cart-message\">\n\t<div class=\"cart-empty woocommerce-info\" role=\"status\">\n\t\tDein Warenkorb ist gegenw\u00e4rtig leer.\t<\/div>\n<\/div>\t<p class=\"return-to-shop\">\n\t\t<a class=\"button wc-backward\" href=\"https:\/\/sommerrodelbahn-eckartsberga.de\/?page_id=224784\">\n\t\t\tZur\u00fcck zum Shop\t\t<\/a>\n\t<\/p>\n<\/div> Seite Shop Seite Warenkorb Seite Kasse<\/p>\n","protected":false},"author":1,"featured_media":0,"parent":0,"menu_order":0,"comment_status":"closed","ping_status":"closed","template":"","meta":{"_et_pb_use_builder":"on","_et_pb_old_content":"<p><!-- wp:woocommerce\/cart --><\/p>\r\n<div class=\"wp-block-woocommerce-cart alignwide is-loading\">\r\n<p><!-- wp:woocommerce\/filled-cart-block --><\/p>\r\n<div class=\"wp-block-woocommerce-filled-cart-block\">\r\n<p><!-- wp:woocommerce\/cart-items-block --><\/p>\r\n<div class=\"wp-block-woocommerce-cart-items-block\">\r\n<p><!-- wp:woocommerce\/cart-line-items-block --><\/p>\r\n<div class=\"wp-block-woocommerce-cart-line-items-block\">\u00a0<\/div>\r\n<p><!-- \/wp:woocommerce\/cart-line-items-block --><\/p>\r\n<p><!-- wp:woocommerce\/product-collection {\"queryId\":0,\"query\":{\"perPage\":3,\"pages\":1,\"offset\":0,\"postType\":\"product\",\"order\":\"asc\",\"orderBy\":\"title\",\"search\":\"\",\"exclude\":[],\"inherit\":false,\"taxQuery\":{},\"isProductCollectionBlock\":true,\"featured\":false,\"woocommerceOnSale\":false,\"woocommerceStockStatus\":[\"instock\",\"outofstock\",\"onbackorder\"],\"woocommerceAttributes\":[],\"woocommerceHandPickedProducts\":[],\"filterable\":false,\"relatedBy\":{\"categories\":true,\"tags\":true}},\"tagName\":\"div\",\"displayLayout\":{\"type\":\"flex\",\"columns\":3,\"shrinkColumns\":true},\"dimensions\":{\"widthType\":\"fill\"},\"collection\":\"woocommerce\/product-collection\/cross-sells\",\"hideControls\":[\"filterable\"],\"queryContextIncludes\":[\"collection\"],\"__privatePreviewState\":{\"isPreview\":true,\"previewMessage\":\"Actual products will vary depending on the page being viewed.\"}} --><\/p>\r\n<div class=\"wp-block-woocommerce-product-collection\">\r\n<p><!-- wp:heading {\"textAlign\":\"left\",\"style\":{\"spacing\":{\"margin\":{\"bottom\":\"1rem\"}}}} --><\/p>\r\n<h2 class=\"wp-block-heading has-text-align-left\" style=\"margin-bottom: 1rem;\">Bist du vielleicht interessiert an\u00a0\u2026<\/h2>\r\n<p><!-- \/wp:heading --><\/p>\r\n<p><!-- wp:woocommerce\/product-template --><br \/><!-- wp:woocommerce\/product-image {\"showSaleBadge\":false,\"imageSizing\":\"thumbnail\",\"isDescendentOfQueryLoop\":true} --><br \/><!-- wp:woocommerce\/product-sale-badge {\"align\":\"right\"} \/--><br \/><!-- \/wp:woocommerce\/product-image --><\/p>\r\n<p><!-- wp:post-title {\"textAlign\":\"center\",\"isLink\":true,\"style\":{\"spacing\":{\"margin\":{\"bottom\":\"0.75rem\",\"top\":\"0\"}},\"typography\":{\"lineHeight\":\"1.4\"}},\"fontSize\":\"medium\",\"__woocommerceNamespace\":\"woocommerce\/product-collection\/product-title\"} \/--><\/p>\r\n<p><!-- wp:woocommerce\/product-price {\"isDescendentOfQueryLoop\":true,\"textAlign\":\"center\",\"fontSize\":\"small\"} \/--><\/p>\r\n<p><!-- wp:woocommerce\/product-button {\"textAlign\":\"center\",\"isDescendentOfQueryLoop\":true,\"fontSize\":\"small\"} \/--><br \/><!-- \/wp:woocommerce\/product-template --><\/p>\r\n<\/div>\r\n<p><!-- \/wp:woocommerce\/product-collection --><\/p>\r\n<\/div>\r\n<p><!-- \/wp:woocommerce\/cart-items-block --><\/p>\r\n<p><!-- wp:woocommerce\/cart-totals-block --><\/p>\r\n<div class=\"wp-block-woocommerce-cart-totals-block\">\r\n<p><!-- wp:woocommerce\/cart-order-summary-block --><\/p>\r\n<div class=\"wp-block-woocommerce-cart-order-summary-block\">\r\n<p><!-- wp:woocommerce\/cart-order-summary-heading-block --><\/p>\r\n<div class=\"wp-block-woocommerce-cart-order-summary-heading-block\">\u00a0<\/div>\r\n<p><!-- \/wp:woocommerce\/cart-order-summary-heading-block --><\/p>\r\n<p><!-- wp:woocommerce\/cart-order-summary-coupon-form-block --><\/p>\r\n<div class=\"wp-block-woocommerce-cart-order-summary-coupon-form-block\">\u00a0<\/div>\r\n<p><!-- \/wp:woocommerce\/cart-order-summary-coupon-form-block --><\/p>\r\n<p><!-- wp:woocommerce\/cart-order-summary-subtotal-block --><\/p>\r\n<div class=\"wp-block-woocommerce-cart-order-summary-subtotal-block\">\u00a0<\/div>\r\n<p><!-- \/wp:woocommerce\/cart-order-summary-subtotal-block --><\/p>\r\n<p><!-- wp:woocommerce\/cart-order-summary-fee-block --><\/p>\r\n<div class=\"wp-block-woocommerce-cart-order-summary-fee-block\">\u00a0<\/div>\r\n<p><!-- \/wp:woocommerce\/cart-order-summary-fee-block --><\/p>\r\n<p><!-- wp:woocommerce\/cart-order-summary-discount-block --><\/p>\r\n<div class=\"wp-block-woocommerce-cart-order-summary-discount-block\">\u00a0<\/div>\r\n<p><!-- \/wp:woocommerce\/cart-order-summary-discount-block --><\/p>\r\n<p><!-- wp:woocommerce\/cart-order-summary-shipping-block --><\/p>\r\n<div class=\"wp-block-woocommerce-cart-order-summary-shipping-block\">\u00a0<\/div>\r\n<p><!-- \/wp:woocommerce\/cart-order-summary-shipping-block --><\/p>\r\n<p><!-- wp:woocommerce\/cart-order-summary-taxes-block --><\/p>\r\n<div class=\"wp-block-woocommerce-cart-order-summary-taxes-block\">\u00a0<\/div>\r\n<p><!-- \/wp:woocommerce\/cart-order-summary-taxes-block --><\/p>\r\n<\/div>\r\n<p><!-- \/wp:woocommerce\/cart-order-summary-block --><\/p>\r\n<p><!-- wp:woocommerce\/cart-express-payment-block --><\/p>\r\n<div class=\"wp-block-woocommerce-cart-express-payment-block\">\u00a0<\/div>\r\n<p><!-- \/wp:woocommerce\/cart-express-payment-block --><\/p>\r\n<p><!-- wp:woocommerce\/proceed-to-checkout-block --><\/p>\r\n<div class=\"wp-block-woocommerce-proceed-to-checkout-block\">\u00a0<\/div>\r\n<p><!-- \/wp:woocommerce\/proceed-to-checkout-block --><\/p>\r\n<p><!-- wp:woocommerce\/cart-accepted-payment-methods-block --><\/p>\r\n<div class=\"wp-block-woocommerce-cart-accepted-payment-methods-block\">\u00a0<\/div>\r\n<p><!-- \/wp:woocommerce\/cart-accepted-payment-methods-block --><\/p>\r\n<\/div>\r\n<p><!-- \/wp:woocommerce\/cart-totals-block --><\/p>\r\n<\/div>\r\n<p><!-- \/wp:woocommerce\/filled-cart-block --><\/p>\r\n<p><!-- wp:woocommerce\/empty-cart-block --><\/p>\r\n<div class=\"wp-block-woocommerce-empty-cart-block\">\r\n<p><!-- wp:heading {\"textAlign\":\"center\",\"className\":\"with-empty-cart-icon wc-block-cart__empty-cart__title\"} --><\/p>\r\n<h2 class=\"wp-block-heading has-text-align-center with-empty-cart-icon wc-block-cart__empty-cart__title\">Dein Warenkorb ist gerade leer!<\/h2>\r\n<p><!-- \/wp:heading --><\/p>\r\n<p><!-- wp:separator {\"className\":\"is-style-dots\"} --><\/p>\r\n<hr class=\"wp-block-separator has-alpha-channel-opacity is-style-dots\" \/>\r\n<p><!-- \/wp:separator --><\/p>\r\n<p><!-- wp:heading {\"textAlign\":\"center\"} --><\/p>\r\n<h2 class=\"wp-block-heading has-text-align-center\">Neu im Shop<\/h2>\r\n<p><!-- \/wp:heading --><\/p>\r\n<p><!-- wp:woocommerce\/product-new {\"columns\":4,\"rows\":1} \/--><\/p>\r\n<\/div>\r\n<p><!-- \/wp:woocommerce\/empty-cart-block --><\/p>\r\n<\/div>\r\n<p><!-- \/wp:woocommerce\/cart --><\/p>","_et_gb_content_width":"","footnotes":""},"class_list":["post-224743","page","type-page","status-publish","hentry"],"_links":{"self":[{"href":"https:\/\/sommerrodelbahn-eckartsberga.de\/index.php?rest_route=\/wp\/v2\/pages\/224743","targetHints":{"allow":["GET"]}}],"collection":[{"href":"https:\/\/sommerrodelbahn-eckartsberga.de\/index.php?rest_route=\/wp\/v2\/pages"}],"about":[{"href":"https:\/\/sommerrodelbahn-eckartsberga.de\/index.php?rest_route=\/wp\/v2\/types\/page"}],"author":[{"embeddable":true,"href":"https:\/\/sommerrodelbahn-eckartsberga.de\/index.php?rest_route=\/wp\/v2\/users\/1"}],"replies":[{"embeddable":true,"href":"https:\/\/sommerrodelbahn-eckartsberga.de\/index.php?rest_route=%2Fwp%2Fv2%2Fcomments&post=224743"}],"version-history":[{"count":12,"href":"https:\/\/sommerrodelbahn-eckartsberga.de\/index.php?rest_route=\/wp\/v2\/pages\/224743\/revisions"}],"predecessor-version":[{"id":224945,"href":"https:\/\/sommerrodelbahn-eckartsberga.de\/index.php?rest_route=\/wp\/v2\/pages\/224743\/revisions\/224945"}],"wp:attachment":[{"href":"https:\/\/sommerrodelbahn-eckartsberga.de\/index.php?rest_route=%2Fwp%2Fv2%2Fmedia&parent=224743"}],"curies":[{"name":"wp","href":"https:\/\/api.w.org\/{rel}","templated":true}]}}